{"id":465,"date":"2020-07-07T14:35:55","date_gmt":"2020-07-07T12:35:55","guid":{"rendered":"https:\/\/volontariatomartinafranca.it\/amici-della-sicurezza-terra-delle-gravine\/?page_id=465"},"modified":"2023-09-26T14:31:48","modified_gmt":"2023-09-26T12:31:48","slug":"home","status":"publish","type":"page","link":"https:\/\/volontariatomartinafranca.it\/amici-della-sicurezza-terra-delle-gravine\/","title":{"rendered":"Home"},"content":{"rendered":"<h2 style=\"text-align: center\"><strong>AMICI \u00a0DELLA \u00a0SICUREZZA \u00a0TERRA \u00a0DELLE \u00a0GRAVINE<\/strong><\/h2>\n<p style=\"text-align: center\"><strong><em>ASSOCIAZIONE DI VOLONTARIATO\u00a0 ETS &#8211; O.D.V.\u00a0 \u00a0<\/em><\/strong><\/p>\n<p style=\"text-align: center\"><span style=\"font-size: 20px;color: #ffffff;background-color: #000080\"><strong>e\u00a0 PROTEZIONE\u00a0 CIVILE\u00a0<\/strong><\/span><\/p>\n<p style=\"text-align: center\">(Elenco Regionale delle Associazioni di \ud835\udc0f\ud835\udc11\ud835\udc0e\ud835\udc13\ud835\udc04\ud835\udc19\ud835\udc08\ud835\udc0e\ud835\udc0d\ud835\udc04 \ud835\udc02\ud835\udc08\ud835\udc15\ud835\udc08\ud835\udc0b\ud835\udc04 &#8211; Regione Puglia)<\/p>\n<p style=\"text-align: center\"><strong><em>\u00a0Affiliata anche a \u00a0SER FIR CB &#8211; ASSOCIAZIONE NAZIONALE PROTEZIONE CIVILE<\/em><\/strong><\/p>\n<p><a href=\"https:\/\/volontariatomartinafranca.it\/amici-della-sicurezza-terra-delle-gravine\/wp-content\/uploads\/sites\/23\/2020\/07\/93826062_3022397404470773_5266591032677498880_n.jpg\"><img loading=\"lazy\" decoding=\"async\" class=\"alignleft wp-image-486 size-medium\" src=\"https:\/\/volontariatomartinafranca.it\/amici-della-sicurezza-terra-delle-gravine\/wp-content\/uploads\/sites\/23\/2020\/07\/93826062_3022397404470773_5266591032677498880_n-300x300.jpg\" alt=\"\" width=\"300\" height=\"300\" srcset=\"https:\/\/volontariatomartinafranca.it\/amici-della-sicurezza-terra-delle-gravine\/wp-content\/uploads\/sites\/23\/2020\/07\/93826062_3022397404470773_5266591032677498880_n-300x300.jpg 300w, https:\/\/volontariatomartinafranca.it\/amici-della-sicurezza-terra-delle-gravine\/wp-content\/uploads\/sites\/23\/2020\/07\/93826062_3022397404470773_5266591032677498880_n-150x150.jpg 150w, https:\/\/volontariatomartinafranca.it\/amici-della-sicurezza-terra-delle-gravine\/wp-content\/uploads\/sites\/23\/2020\/07\/93826062_3022397404470773_5266591032677498880_n-768x768.jpg 768w, https:\/\/volontariatomartinafranca.it\/amici-della-sicurezza-terra-delle-gravine\/wp-content\/uploads\/sites\/23\/2020\/07\/93826062_3022397404470773_5266591032677498880_n-600x600.jpg 600w, https:\/\/volontariatomartinafranca.it\/amici-della-sicurezza-terra-delle-gravine\/wp-content\/uploads\/sites\/23\/2020\/07\/93826062_3022397404470773_5266591032677498880_n.jpg 960w\" sizes=\"auto, (max-width: 300px) 100vw, 300px\" \/><\/a>L\u2019associazione di volontariato O.D.V\u00a0 \u201cAmici della Sicurezza Terra delle Gravine\u201d, con sede Legale a Mottola (TA) alla via Pola n. 2 e sede operativa alla via S.D&#8217;Acquisto n. 38,\u00a0 iscritta<\/p>\n<ul>\n<li>nel Registro delle determinazioni della Regione Puglia ODV n\u00b0832 del 21\/10\/2019<\/li>\n<li>nel Registro Unico Nazionale del Terzo Settore (RUNTS)<\/li>\n<li>nell&#8217; elenco Regionale delle Associazioni di \ud835\udc0f\ud835\udc11\ud835\udc0e\ud835\udc13\ud835\udc04\ud835\udc19\ud835\udc08\ud835\udc0e\ud835\udc0d\ud835\udc04 \ud835\udc02\ud835\udc08\ud835\udc15\ud835\udc08\ud835\udc0b\ud835\udc04 &#8211; Regione Puglia<\/li>\n<\/ul>\n<p>\u00e8 stata costituita nel 2017 allo scopo di svolgere attivit\u00e0 di volontariato, perseguite tramite l\u2019impegno sociale e culturale dei suoi stessi membri, a favore della comunit\u00e0, in maniera autonoma o in collaborazione con altre associazioni, enti e soggetti privati aventi finalit\u00e0 simili e che condividono stessi scopi e finalit\u00e0.<\/p>\n<p style=\"text-align: center\"><span style=\"font-size: 20px\">Inoltre, fa parte del<\/span><\/p>\n<p style=\"text-align: center\"><span style=\"color: #ff0000\"><a style=\"color: #ff0000\" href=\"https:\/\/www.sanita.puglia.it\/web\/asl-taranto\/comitato-consultivo-misto\" target=\"_blank\" rel=\"noopener\"><span style=\"font-size: 20px\"> \ud835\udc02\ud835\udc02\ud835\udc0c (\ud835\udc02\ud835\udc0e\ud835\udc0c\ud835\udc08\ud835\udc13\ud835\udc00\ud835\udc13\ud835\udc0e \ud835\udc02\ud835\udc0e\ud835\udc0d\ud835\udc12\ud835\udc14\ud835\udc0b\ud835\udc13\ud835\udc08\ud835\udc15\ud835\udc0e \ud835\udc0c\ud835\udc08\ud835\udc12\ud835\udc13\ud835\udc0e) \ud835\udc1d\ud835\udc1e\ud835\udc25\ud835\udc25\ud835\udc1a \ud835\udc00\ud835\udc2c\ud835\udc25 \ud835\udc1d\ud835\udc22 \ud835\udc13\ud835\udc1a\ud835\udc2b\ud835\udc1a\ud835\udc27\ud835\udc2d\ud835\udc28.<\/span><\/a><\/span><\/p>\n<p>&nbsp;<\/p>\n<figure id=\"attachment_537\" aria-describedby=\"caption-attachment-537\" style=\"width: 300px\" class=\"wp-caption alignright\"><a href=\"https:\/\/volontariatomartinafranca.it\/amici-della-sicurezza-terra-delle-gravine\/wp-content\/uploads\/sites\/23\/2021\/04\/collage-associazione.jpg\"><img loading=\"lazy\" decoding=\"async\" class=\"wp-image-537 size-medium\" src=\"https:\/\/volontariatomartinafranca.it\/amici-della-sicurezza-terra-delle-gravine\/wp-content\/uploads\/sites\/23\/2021\/04\/collage-associazione-300x300.jpg\" alt=\"amici della sicurezza terra delle gravine\" width=\"300\" height=\"300\" srcset=\"https:\/\/volontariatomartinafranca.it\/amici-della-sicurezza-terra-delle-gravine\/wp-content\/uploads\/sites\/23\/2021\/04\/collage-associazione-300x300.jpg 300w, https:\/\/volontariatomartinafranca.it\/amici-della-sicurezza-terra-delle-gravine\/wp-content\/uploads\/sites\/23\/2021\/04\/collage-associazione-1024x1024.jpg 1024w, https:\/\/volontariatomartinafranca.it\/amici-della-sicurezza-terra-delle-gravine\/wp-content\/uploads\/sites\/23\/2021\/04\/collage-associazione-150x150.jpg 150w, https:\/\/volontariatomartinafranca.it\/amici-della-sicurezza-terra-delle-gravine\/wp-content\/uploads\/sites\/23\/2021\/04\/collage-associazione-768x768.jpg 768w, https:\/\/volontariatomartinafranca.it\/amici-della-sicurezza-terra-delle-gravine\/wp-content\/uploads\/sites\/23\/2021\/04\/collage-associazione-1536x1536.jpg 1536w, https:\/\/volontariatomartinafranca.it\/amici-della-sicurezza-terra-delle-gravine\/wp-content\/uploads\/sites\/23\/2021\/04\/collage-associazione-600x600.jpg 600w, https:\/\/volontariatomartinafranca.it\/amici-della-sicurezza-terra-delle-gravine\/wp-content\/uploads\/sites\/23\/2021\/04\/collage-associazione.jpg 1920w\" sizes=\"auto, (max-width: 300px) 100vw, 300px\" \/><\/a><figcaption id=\"caption-attachment-537\" class=\"wp-caption-text\">ATTIVITA&#8217; DURANTE EMERGENZA COVID 19<\/figcaption><\/figure>\n<p>L\u2019Associazione, composta anche da un <strong>Nucleo Droni<\/strong>, persegue finalit\u00e0 legate alla solidariet\u00e0, cultura e societ\u00e0 civile &#8211; cos\u00ec come si evince dettagliatamente dallo Statuto &#8211; occupandosi, a titolo esemplificativo e non esaustivo, di molteplici attivit\u00e0 di interesse generale quali:<\/p>\n<ul>\n<li>l\u2019organizzazione e gestione di attivit\u00e0 culturali, artistiche, ricreative, turistico-promozionali, consumeristiche, sociali di vario genere e interesse;<\/li>\n<li>la salvaguardia, \u00a0sicurezza, vigilanza e tutela della popolazione civile e del territorio;<\/li>\n<li>valorizzazione dei Beni Culturali;<\/li>\n<li>interventi di soccorso sanitario, civile e sicurezza del territorio nell\u2019ambito della <strong>Protezione Civile\u00a0<\/strong><\/li>\n<\/ul>\n","protected":false},"excerpt":{"rendered":"<p>AMICI \u00a0DELLA \u00a0SICUREZZA \u00a0TERRA \u00a0DELLE \u00a0GRAVINE ASSOCIAZIONE DI VOLONTARIATO\u00a0 ETS &#8211; &#8230; <\/p>\n","protected":false},"author":1,"featured_media":502,"parent":0,"menu_order":0,"comment_status":"closed","ping_status":"closed","template":"","meta":{"_acf_changed":false,"footnotes":""},"class_list":["post-465","page","type-page","status-publish","has-post-thumbnail","hentry"],"acf":[],"_links":{"self":[{"href":"https:\/\/volontariatomartinafranca.it\/amici-della-sicurezza-terra-delle-gravine\/wp-json\/wp\/v2\/pages\/465","targetHints":{"allow":["GET"]}}],"collection":[{"href":"https:\/\/volontariatomartinafranca.it\/amici-della-sicurezza-terra-delle-gravine\/wp-json\/wp\/v2\/pages"}],"about":[{"href":"https:\/\/volontariatomartinafranca.it\/amici-della-sicurezza-terra-delle-gravine\/wp-json\/wp\/v2\/types\/page"}],"author":[{"embeddable":true,"href":"https:\/\/volontariatomartinafranca.it\/amici-della-sicurezza-terra-delle-gravine\/wp-json\/wp\/v2\/users\/1"}],"replies":[{"embeddable":true,"href":"https:\/\/volontariatomartinafranca.it\/amici-della-sicurezza-terra-delle-gravine\/wp-json\/wp\/v2\/comments?post=465"}],"version-history":[{"count":28,"href":"https:\/\/volontariatomartinafranca.it\/amici-della-sicurezza-terra-delle-gravine\/wp-json\/wp\/v2\/pages\/465\/revisions"}],"predecessor-version":[{"id":740,"href":"https:\/\/volontariatomartinafranca.it\/amici-della-sicurezza-terra-delle-gravine\/wp-json\/wp\/v2\/pages\/465\/revisions\/740"}],"wp:featuredmedia":[{"embeddable":true,"href":"https:\/\/volontariatomartinafranca.it\/amici-della-sicurezza-terra-delle-gravine\/wp-json\/wp\/v2\/media\/502"}],"wp:attachment":[{"href":"https:\/\/volontariatomartinafranca.it\/amici-della-sicurezza-terra-delle-gravine\/wp-json\/wp\/v2\/media?parent=465"}],"curies":[{"name":"wp","href":"https:\/\/api.w.org\/{rel}","templated":true}]}}