{"id":21,"date":"2019-12-10T00:17:58","date_gmt":"2019-12-09T23:17:58","guid":{"rendered":"https:\/\/volontariatomartinafranca.it\/gruppo-volontariato-vincenziano\/?page_id=21"},"modified":"2022-02-25T17:49:42","modified_gmt":"2022-02-25T16:49:42","slug":"homepage","status":"publish","type":"page","link":"https:\/\/volontariatomartinafranca.it\/gruppo-volontariato-vincenziano\/","title":{"rendered":"Gruppo Volontariato Vicenziano"},"content":{"rendered":"<div class=\"wpb-content-wrapper\"><p>[vc_row css=&#8221;.vc_custom_1576770715519{margin-top: 60px !important;margin-bottom: 40px !important;}&#8221; el_id=&#8221;chisiamo&#8221;][vc_column][vc_custom_heading source=&#8221;post_title&#8221; font_container=&#8221;tag:h2|text_align:center&#8221; use_theme_fonts=&#8221;yes&#8221;][vc_column_text]Il Gruppo Vincenziano di Martina Franca, nato a Martina Franca il 22 gennaio 1937, fa parte dell&#8217; AIC (Associazione Internazionale delle Carit\u00e0) che ha la finalit\u00e0 di lottare contro tutte le forme di marginalit\u00e0 e povert\u00e0 e comprende 150.000 volontari nel mondo.[\/vc_column_text][vc_btn title=&#8221;Chi siamo&#8221; style=&#8221;classic&#8221; color=&#8221;sky&#8221; align=&#8221;center&#8221; i_type=&#8221;material&#8221; i_icon_material=&#8221;vc-material vc-material-hearing&#8221; add_icon=&#8221;true&#8221; link=&#8221;url:https%3A%2F%2Fvolontariatomartinafranca.it%2Fgruppo-volontariato-vincenziano%2Fchi-siamo%2F|title:Chi%20siamo||&#8221;][\/vc_column][\/vc_row][vc_section full_width=&#8221;stretch_row&#8221; css=&#8221;.vc_custom_1576150323269{background-color: rgba(237,237,237,0.47) !important;*background-color: rgb(237,237,237) !important;}&#8221;][vc_row][vc_column][vc_custom_heading text=&#8221;eventi&#8221; font_container=&#8221;tag:h2|text_align:center&#8221; use_theme_fonts=&#8221;yes&#8221;][\/vc_column][\/vc_row][vc_row][vc_column][vc_separator el_width=&#8221;50&#8243;][\/vc_column][\/vc_row][vc_row css=&#8221;.vc_custom_1576151100591{margin-bottom: 0px !important;border-bottom-width: 0px !important;padding-bottom: 0px !important;}&#8221;][vc_column][vc_basic_grid post_type=&#8221;post&#8221; max_items=&#8221;3&#8243; item=&#8221;112&#8243; grid_id=&#8221;vc_gid:1645807742148-45cdb4cd-f917-6&#8243; taxonomies=&#8221;1&#8243; css=&#8221;.vc_custom_1581952260192{margin-bottom: 0px !important;padding-bottom: 0px !important;}&#8221;][\/vc_column][\/vc_row][\/vc_section]<\/p>\n<\/div>","protected":false},"excerpt":{"rendered":"<p>Il Gruppo Vincenziano di Martina Franca, nato a Martina Franca il &#8230; <\/p>\n","protected":false},"author":1,"featured_media":0,"parent":0,"menu_order":0,"comment_status":"closed","ping_status":"closed","template":"","meta":{"_acf_changed":false,"footnotes":""},"class_list":["post-21","page","type-page","status-publish","hentry"],"acf":[],"_links":{"self":[{"href":"https:\/\/volontariatomartinafranca.it\/gruppo-volontariato-vincenziano\/wp-json\/wp\/v2\/pages\/21","targetHints":{"allow":["GET"]}}],"collection":[{"href":"https:\/\/volontariatomartinafranca.it\/gruppo-volontariato-vincenziano\/wp-json\/wp\/v2\/pages"}],"about":[{"href":"https:\/\/volontariatomartinafranca.it\/gruppo-volontariato-vincenziano\/wp-json\/wp\/v2\/types\/page"}],"author":[{"embeddable":true,"href":"https:\/\/volontariatomartinafranca.it\/gruppo-volontariato-vincenziano\/wp-json\/wp\/v2\/users\/1"}],"replies":[{"embeddable":true,"href":"https:\/\/volontariatomartinafranca.it\/gruppo-volontariato-vincenziano\/wp-json\/wp\/v2\/comments?post=21"}],"version-history":[{"count":45,"href":"https:\/\/volontariatomartinafranca.it\/gruppo-volontariato-vincenziano\/wp-json\/wp\/v2\/pages\/21\/revisions"}],"predecessor-version":[{"id":677,"href":"https:\/\/volontariatomartinafranca.it\/gruppo-volontariato-vincenziano\/wp-json\/wp\/v2\/pages\/21\/revisions\/677"}],"wp:attachment":[{"href":"https:\/\/volontariatomartinafranca.it\/gruppo-volontariato-vincenziano\/wp-json\/wp\/v2\/media?parent=21"}],"curies":[{"name":"wp","href":"https:\/\/api.w.org\/{rel}","templated":true}]}}