{"id":711,"date":"2023-03-01T12:07:32","date_gmt":"2023-03-01T11:07:32","guid":{"rendered":"https:\/\/volontariatomartinafranca.it\/gruppo-volontariato-vincenziano\/?page_id=711"},"modified":"2023-04-26T12:19:07","modified_gmt":"2023-04-26T10:19:07","slug":"premio-generosita-nona-edizione","status":"publish","type":"page","link":"https:\/\/volontariatomartinafranca.it\/gruppo-volontariato-vincenziano\/premio-generosita-nona-edizione\/","title":{"rendered":"Premio Generosit\u00e0: nona edizione"},"content":{"rendered":"<p><img loading=\"lazy\" decoding=\"async\" class=\"alignnone size-medium wp-image-712\" src=\"https:\/\/volontariatomartinafranca.it\/gruppo-volontariato-vincenziano\/wp-content\/uploads\/sites\/9\/2023\/03\/IMG-20230113-WA0000-300x225.jpg\" alt=\"\" width=\"300\" height=\"225\" srcset=\"https:\/\/volontariatomartinafranca.it\/gruppo-volontariato-vincenziano\/wp-content\/uploads\/sites\/9\/2023\/03\/IMG-20230113-WA0000-300x225.jpg 300w, https:\/\/volontariatomartinafranca.it\/gruppo-volontariato-vincenziano\/wp-content\/uploads\/sites\/9\/2023\/03\/IMG-20230113-WA0000-1024x768.jpg 1024w, https:\/\/volontariatomartinafranca.it\/gruppo-volontariato-vincenziano\/wp-content\/uploads\/sites\/9\/2023\/03\/IMG-20230113-WA0000-768x576.jpg 768w, https:\/\/volontariatomartinafranca.it\/gruppo-volontariato-vincenziano\/wp-content\/uploads\/sites\/9\/2023\/03\/IMG-20230113-WA0000-1536x1152.jpg 1536w, https:\/\/volontariatomartinafranca.it\/gruppo-volontariato-vincenziano\/wp-content\/uploads\/sites\/9\/2023\/03\/IMG-20230113-WA0000-600x450.jpg 600w, https:\/\/volontariatomartinafranca.it\/gruppo-volontariato-vincenziano\/wp-content\/uploads\/sites\/9\/2023\/03\/IMG-20230113-WA0000.jpg 2040w\" sizes=\"auto, (max-width: 300px) 100vw, 300px\" \/><\/p>\n<p>La presidente del GVV di Martina Franca Anna Magli con la dott.ssa Rossella De Felice destinataria del premio.<\/p>\n<p>&nbsp;<\/p>\n<p>La cerimonia di consegna del Premio Generosit\u00e0 &#8211; nona edizione &#8211; si \u00e8 svolta il 17 dicembre 2022 nella Sala Consiliare del Palazzo Ducale. Come ogni anno le varie associazioni appartenenti al CAV hanno indicato un nominativo a cui attribuire il premio in base alla sensibilit\u00e0 mostrata ed alle attivit\u00e0 intraprese a sostegno dei pi\u00f9 deboli. Il nostro gruppo ha pensato di attribuire il Premio Generosit\u00e0 alla Sig. Rossella De Felice con la seguente motivazione:<br \/>\nDonna di eccezionale virt\u00f9, partecipando ad una celebrazione eucaristica nella basilica di S.Martino in occasione dei festeggiamenti del Santo Patrono, ha avuto modo di conoscere la storia e l&#8217;operato del Gruppo di volontariato vincenziano nell&#8217;ambito del territorio martinese.<\/p>\n<p>Sentendo parlare del progetto avviato dal Gruppo per la raccolta dei cellulari in disuso, immediatamente ha condiviso l&#8217;iniziativa e si \u00e8 data da fare per attivarla nella citt\u00e0 di Grottaglie, in cui risiede. Grazie all&#8217;enorme quantitativo di cellulari obsoleti reperiti \u00e8 stato possible, consegnandoli alla RAAECUPERA della SERVECO, ricavare fondi per aiutare persone in difficolt\u00e0.<\/p>\n<p>&nbsp;<\/p>\n","protected":false},"excerpt":{"rendered":"<p>La presidente del GVV di Martina Franca Anna Magli con la &#8230; <\/p>\n","protected":false},"author":15,"featured_media":0,"parent":0,"menu_order":0,"comment_status":"closed","ping_status":"closed","template":"","meta":{"_acf_changed":false,"footnotes":""},"class_list":["post-711","page","type-page","status-publish","hentry"],"acf":[],"_links":{"self":[{"href":"https:\/\/volontariatomartinafranca.it\/gruppo-volontariato-vincenziano\/wp-json\/wp\/v2\/pages\/711","targetHints":{"allow":["GET"]}}],"collection":[{"href":"https:\/\/volontariatomartinafranca.it\/gruppo-volontariato-vincenziano\/wp-json\/wp\/v2\/pages"}],"about":[{"href":"https:\/\/volontariatomartinafranca.it\/gruppo-volontariato-vincenziano\/wp-json\/wp\/v2\/types\/page"}],"author":[{"embeddable":true,"href":"https:\/\/volontariatomartinafranca.it\/gruppo-volontariato-vincenziano\/wp-json\/wp\/v2\/users\/15"}],"replies":[{"embeddable":true,"href":"https:\/\/volontariatomartinafranca.it\/gruppo-volontariato-vincenziano\/wp-json\/wp\/v2\/comments?post=711"}],"version-history":[{"count":5,"href":"https:\/\/volontariatomartinafranca.it\/gruppo-volontariato-vincenziano\/wp-json\/wp\/v2\/pages\/711\/revisions"}],"predecessor-version":[{"id":719,"href":"https:\/\/volontariatomartinafranca.it\/gruppo-volontariato-vincenziano\/wp-json\/wp\/v2\/pages\/711\/revisions\/719"}],"wp:attachment":[{"href":"https:\/\/volontariatomartinafranca.it\/gruppo-volontariato-vincenziano\/wp-json\/wp\/v2\/media?parent=711"}],"curies":[{"name":"wp","href":"https:\/\/api.w.org\/{rel}","templated":true}]}}