{"id":43,"date":"2019-12-10T13:42:30","date_gmt":"2019-12-10T12:42:30","guid":{"rendered":"https:\/\/volontariatomartinafranca.it\/moto-club-san-martino\/?page_id=43"},"modified":"2020-03-02T17:13:16","modified_gmt":"2020-03-02T16:13:16","slug":"chi-siamo","status":"publish","type":"page","link":"https:\/\/volontariatomartinafranca.it\/moto-club-san-martino\/chi-siamo\/","title":{"rendered":"Chi siamo"},"content":{"rendered":"<div class=\"wpb-content-wrapper\"><p>[vc_row content_placement=&#8221;top&#8221;][vc_column][vc_custom_heading text=&#8221;Moto Club San Martino&#8221; font_container=&#8221;tag:h3|text_align:left&#8221; use_theme_fonts=&#8221;yes&#8221;][\/vc_column][\/vc_row][vc_row content_placement=&#8221;top&#8221; css=&#8221;.vc_custom_1581953535868{margin-bottom: 0px !important;padding-bottom: 0px !important;}&#8221;][vc_column width=&#8221;2\/3&#8243;][vc_column_text]L\u2019ente di Terzo Settore \u201cMoto Club San Martino &#8211; Motosoccorso nasce dalla volont\u00e0 di strutturare e mettere a sistema la naturale predisposizione dei motociclisti alla socialit\u00e0. Si \u00e8 declinata quindi in termini solidali la passione all\u2019utilizzo della Motocicletta.<br \/>\nIl primo progetto pratico si concretizza nella realizzazione di una moto da soccorso (finanziata grazie ad un bando della fondazione Megamark).<br \/>\nL\u2019associazione (iscritta al registro regionale del Volontariato Puglia ed al registro della Protezione civile), addestra con un percorso continuo i soci aderenti nelle pratiche proprie della Protezione Civile, del soccorso sanitario e specialistiche di guida entro e fuori strada.<br \/>\nGli aderenti volontari hanno abilitazioni varie da soccorso (BLSD, PTC), tecniche (Abilitazione all\u2019esercizio degli apparati ricetrasmittenti), pratiche (Guida entro-fuoristrada).[\/vc_column_text][\/vc_column][vc_column width=&#8221;1\/3&#8243; css=&#8221;.vc_custom_1581953673687{margin-bottom: 30px !important;}&#8221;]<div id=\"cz_31235\" data-position=\"top-right\" class=\"cz_31235 cz_image clr cz_image_no_fx center_on_mobile\"><div class=\"\" ><div class=\"cz_image_in\"><div class=\"cz_main_image\"><img loading=\"lazy\" decoding=\"async\" width=\"455\" height=\"609\" src=\"https:\/\/volontariatomartinafranca.it\/moto-club-san-martino\/wp-content\/uploads\/sites\/10\/2020\/03\/img42.jpg\" class=\"attachment-full\" alt=\"\" title=\"img42\" srcset=\"https:\/\/volontariatomartinafranca.it\/moto-club-san-martino\/wp-content\/uploads\/sites\/10\/2020\/03\/img42.jpg 455w, https:\/\/volontariatomartinafranca.it\/moto-club-san-martino\/wp-content\/uploads\/sites\/10\/2020\/03\/img42-224x300.jpg 224w\" sizes=\"auto, (max-width: 455px) 100vw, 455px\" \/><\/div><\/div><\/div><\/div>[\/vc_column][\/vc_row][vc_row content_placement=&#8221;top&#8221;][vc_column][vc_empty_space][\/vc_column][\/vc_row][vc_row equal_height=&#8221;yes&#8221; content_placement=&#8221;top&#8221;][vc_column width=&#8221;1\/2&#8243;]<div id=\"cz_11369\" data-position=\"top-right\" class=\"cz_11369 cz_image clr cz_image_no_fx center_on_mobile\"><div class=\"\" ><div class=\"cz_image_in\"><div class=\"cz_main_image\"><img loading=\"lazy\" decoding=\"async\" width=\"720\" height=\"406\" src=\"https:\/\/volontariatomartinafranca.it\/moto-club-san-martino\/wp-content\/uploads\/sites\/10\/2020\/03\/img43.jpg\" class=\"attachment-full\" alt=\"\" title=\"img43\" srcset=\"https:\/\/volontariatomartinafranca.it\/moto-club-san-martino\/wp-content\/uploads\/sites\/10\/2020\/03\/img43.jpg 720w, https:\/\/volontariatomartinafranca.it\/moto-club-san-martino\/wp-content\/uploads\/sites\/10\/2020\/03\/img43-300x169.jpg 300w, https:\/\/volontariatomartinafranca.it\/moto-club-san-martino\/wp-content\/uploads\/sites\/10\/2020\/03\/img43-600x338.jpg 600w\" sizes=\"auto, (max-width: 720px) 100vw, 720px\" \/><\/div><\/div><\/div><\/div>[\/vc_column][vc_column width=&#8221;1\/2&#8243; css=&#8221;.vc_custom_1583157502423{margin-top: -5px !important;}&#8221;][vc_column_text]Questo tipo di profilo ci permette di svolgere le nostre attivit\u00e0 a favore del territorio e della comunit\u00e0 attraverso servizi di safety in supporto a manifestazioni di ogni genere (Gare enduro, motocross, raid mototuristici ciclo passeggiate, podistiche, manifestazioni ad alta intensit\u00e0 di presenza di pubblico) ed addirittura al nostro interno vantiamo elementi abilitati al ruolo di moto staffette e scorta tecnica nelle manifestazioni ciclistiche su strada dal Compartimento Regionale della Polizia Stradale \u2013 Bari.[\/vc_column_text][\/vc_column][\/vc_row][vc_row content_placement=&#8221;top&#8221;][vc_column][vc_empty_space][\/vc_column][\/vc_row][vc_row content_placement=&#8221;top&#8221;][vc_column width=&#8221;2\/3&#8243;][vc_column_text]Esiste un laboratorio permanente di Educazione alla Sicurezza Stradale ed al vivere civile che attraverso la costante partecipazione, realizzazione e promozione di eventi a tema sensibilizza la comunit\u00e0 proponendo giornate nelle scuole degli istituti comprensivi e nelle piazze cittadine ed a tal proposito abbiamo al nostro interno educatori di educazione stradale abilitati su protocollo di Intesa MIUR \u2013 F.M.I.<br \/>\nInfine un settore molto specifico della nostra associazione gestito da psicoterapeuta esperta si occupa di gruppi di sostegno per vittime della strada e familiari.<br \/>\nPeriodicamente in apposite sessioni formative teorico-pratiche e sessioni di \u201cabilitazione\u201d al ruolo di MOTOVOLONTARIO, formiamo nuovi volontari.[\/vc_column_text][\/vc_column][vc_column width=&#8221;1\/3&#8243; css=&#8221;.vc_custom_1583157701965{margin-top: 10px !important;}&#8221;]<div id=\"cz_106600\" data-position=\"top-right\" class=\"cz_106600 cz_image clr cz_image_no_fx center_on_mobile\"><div class=\"\" ><div class=\"cz_image_in\"><div class=\"cz_main_image\"><img loading=\"lazy\" decoding=\"async\" width=\"502\" height=\"502\" src=\"https:\/\/volontariatomartinafranca.it\/moto-club-san-martino\/wp-content\/uploads\/sites\/10\/2020\/03\/img35.jpg\" class=\"attachment-full\" alt=\"\" title=\"img35\" srcset=\"https:\/\/volontariatomartinafranca.it\/moto-club-san-martino\/wp-content\/uploads\/sites\/10\/2020\/03\/img35.jpg 502w, https:\/\/volontariatomartinafranca.it\/moto-club-san-martino\/wp-content\/uploads\/sites\/10\/2020\/03\/img35-300x300.jpg 300w, https:\/\/volontariatomartinafranca.it\/moto-club-san-martino\/wp-content\/uploads\/sites\/10\/2020\/03\/img35-150x150.jpg 150w\" sizes=\"auto, (max-width: 502px) 100vw, 502px\" \/><\/div><\/div><\/div><\/div>[\/vc_column][\/vc_row][vc_row content_placement=&#8221;top&#8221;][vc_column][vc_empty_space][\/vc_column][\/vc_row][vc_row content_placement=&#8221;top&#8221;][vc_column][vc_column_text]Per quanto attiene i mezzi ed i dispositivi possiamo contare sul mezzo da soccorso abilitato di propriet\u00e0 associativa (Honda NC750X) allestita con zaino Spencer e DAE per interventi sanitari, dotata di radio ricetrasmittente in standard DMR digitale e su radio portatili analogiche. Ovviamente caschi modulari alta visibilit\u00e0 per l\u2019uso motosoccorso protezioni individuali e divise P.C.<br \/>\nUnisciti a noi se anche tu sei convinto che:[\/vc_column_text][\/vc_column][\/vc_row][vc_row content_placement=&#8221;top&#8221;][vc_column][vc_custom_heading text=&#8221;\u201cQuattro ruote spostano i corpi, due muovono l\u2019anima\u201d&#8221; font_container=&#8221;tag:h3|text_align:center&#8221; use_theme_fonts=&#8221;yes&#8221;][\/vc_column][\/vc_row]<\/p>\n<\/div>","protected":false},"excerpt":{"rendered":"<p>L\u2019ente di Terzo Settore \u201cMoto Club &#8230; <\/p>\n","protected":false},"author":1,"featured_media":0,"parent":0,"menu_order":0,"comment_status":"closed","ping_status":"closed","template":"","meta":{"_acf_changed":false,"footnotes":""},"class_list":["post-43","page","type-page","status-publish","hentry"],"acf":[],"_links":{"self":[{"href":"https:\/\/volontariatomartinafranca.it\/moto-club-san-martino\/wp-json\/wp\/v2\/pages\/43","targetHints":{"allow":["GET"]}}],"collection":[{"href":"https:\/\/volontariatomartinafranca.it\/moto-club-san-martino\/wp-json\/wp\/v2\/pages"}],"about":[{"href":"https:\/\/volontariatomartinafranca.it\/moto-club-san-martino\/wp-json\/wp\/v2\/types\/page"}],"author":[{"embeddable":true,"href":"https:\/\/volontariatomartinafranca.it\/moto-club-san-martino\/wp-json\/wp\/v2\/users\/1"}],"replies":[{"embeddable":true,"href":"https:\/\/volontariatomartinafranca.it\/moto-club-san-martino\/wp-json\/wp\/v2\/comments?post=43"}],"version-history":[{"count":24,"href":"https:\/\/volontariatomartinafranca.it\/moto-club-san-martino\/wp-json\/wp\/v2\/pages\/43\/revisions"}],"predecessor-version":[{"id":384,"href":"https:\/\/volontariatomartinafranca.it\/moto-club-san-martino\/wp-json\/wp\/v2\/pages\/43\/revisions\/384"}],"wp:attachment":[{"href":"https:\/\/volontariatomartinafranca.it\/moto-club-san-martino\/wp-json\/wp\/v2\/media?parent=43"}],"curies":[{"name":"wp","href":"https:\/\/api.w.org\/{rel}","templated":true}]}}