{"id":43,"date":"2019-12-10T13:42:30","date_gmt":"2019-12-10T12:42:30","guid":{"rendered":"https:\/\/volontariatomartinafranca.it\/riuniti-per-caso\/?page_id=43"},"modified":"2020-03-06T15:52:55","modified_gmt":"2020-03-06T14:52:55","slug":"chi-siamo","status":"publish","type":"page","link":"https:\/\/volontariatomartinafranca.it\/riuniti-per-caso\/chi-siamo\/","title":{"rendered":"Chi siamo"},"content":{"rendered":"<div class=\"wpb-content-wrapper\"><p>[vc_row content_placement=&#8221;top&#8221; css=&#8221;.vc_custom_1583350329939{margin-bottom: 0px !important;padding-bottom: 0px !important;}&#8221;][vc_column][vc_custom_heading text=&#8221;Riuniti per caso &#8211; La musica \u00e8 vita!&#8221; font_container=&#8221;tag:h3|text_align:left&#8221; use_theme_fonts=&#8221;yes&#8221;][\/vc_column][\/vc_row][vc_row content_placement=&#8221;top&#8221;][vc_column width=&#8221;1\/2&#8243;][vc_column_text css=&#8221;.vc_custom_1583506373030{margin-bottom: 0px !important;}&#8221;]<strong>L&#8217;Associazione intende:<\/strong><\/p>\n<p>1. proporsi come luogo di incontro e di aggregazione di interessi musicali, culturali e di volontariato assolvendo alla funzione sociale di maturazione e crescita umana e civile attraverso la musica;<\/p>\n<p>2. operare per la promozione e la diffusione di attivit\u00e0 musicali predisponendo e organizzando mezzi e strutture per lo svolgimento, la gestione, l&#8217;attivazione di corsi di educazione e insegnamento musicale anche in collaborazione con il Enti Locali, Scuole, Enti privati, Associazioni, produrre, allestire e rappresentare concerti, spettacoli e manifestazioni artistiche varie con scopo solidaristico;[\/vc_column_text][\/vc_column][vc_column width=&#8221;1\/2&#8243;]<div id=\"cz_47193\" data-position=\"top-right\" class=\"cz_47193 cz_image clr cz_image_no_fx center_on_mobile\"><div class=\"\" ><div class=\"cz_image_in\"><div class=\"cz_main_image\"><img loading=\"lazy\" decoding=\"async\" width=\"883\" height=\"602\" src=\"https:\/\/volontariatomartinafranca.it\/riuniti-per-caso\/wp-content\/uploads\/sites\/14\/2020\/03\/logo-riuniti.jpg\" class=\"attachment-full\" alt=\"\" title=\"logo riuniti\" srcset=\"https:\/\/volontariatomartinafranca.it\/riuniti-per-caso\/wp-content\/uploads\/sites\/14\/2020\/03\/logo-riuniti.jpg 883w, https:\/\/volontariatomartinafranca.it\/riuniti-per-caso\/wp-content\/uploads\/sites\/14\/2020\/03\/logo-riuniti-300x205.jpg 300w, https:\/\/volontariatomartinafranca.it\/riuniti-per-caso\/wp-content\/uploads\/sites\/14\/2020\/03\/logo-riuniti-768x524.jpg 768w, https:\/\/volontariatomartinafranca.it\/riuniti-per-caso\/wp-content\/uploads\/sites\/14\/2020\/03\/logo-riuniti-600x409.jpg 600w\" sizes=\"auto, (max-width: 883px) 100vw, 883px\" \/><\/div><\/div><\/div><\/div>[\/vc_column][\/vc_row][vc_row content_placement=&#8221;top&#8221;][vc_column][vc_empty_space][\/vc_column][\/vc_row][vc_row content_placement=&#8221;top&#8221;][vc_column][vc_column_text]3. attivare iniziative musicali e culturali,[&#8230;] anche in collaborazioni con altri Enti, Associazioni e\/o Scuole, nella sfera dell&#8217;aggregazione sociale e del tempo libero, per la promozione della persona e della qualit\u00e0 della vita; organizzare manifestazioni musicali per le scuole, per gli anziani e per le associazioni di volontariato operanti nella sfera dell&#8217;emarginazione, del disadattamento e dell&#8217;handicap;<\/p>\n<p>4. favorire e organizzare manifestazioni musicali, culturali, ricreative, cinematografiche, rassegne, festival, conferenze, concorsi, premi, saggi, concerti, musical ed ogni altra forma<br \/>\ndi spettacolo legata alla musica;<\/p>\n<p>5. attivare iniziative socio-culturali per il recupero delle tradizioni del territorio mediante manifestazioni artistiche in genere, organizzazioni di corsi e scuole di perfezionamento<br \/>\nmusicale, attivit\u00e0 folkloristiche e danze, rassegne musicali e convegni, anche in collaborazioni con altri Enti, Associazioni e\/o Scuole, nella sfera dell&#8217;aggregazione sociale e<br \/>\ndel tempo libero, per la diffusione della cultura musicale;<\/p>\n<p>6. ingaggiare, assumere e\/o scritturare artisti, conferenzieri, esperti o altro personale specializzato estraneo all&#8217;Associazione per il compimento degli obiettivi statutari;<\/p>\n<p>7. svolgere in via accessoria e marginale, attivit\u00e0 commerciale per coprire, per quanto possibile, le spese necessarie al conseguimento degli scopi associativi;<\/p>\n<p>8. tutelare, promuovere e valorizzare cose d&#8217;interesse artistico e storico di cui alla legge 1\u00b0 giugno 1939, n. 1089, ivi comprese le biblioteche e i beni di cui al decreto del Presidente<br \/>\ndella Repubblica 30 settembre 1963, n. 1409;<\/p>\n<p>9. promuovere la cultura e l&#8217;arte;<\/p>\n<p>10. tutelare i diritti civili;<\/p>\n<p>11. svolgere qualsiasi altra attivit\u00e0 o servizio che si rivelasse utile a promuovere e a diffondere la conoscenza della cultura musicale. A tal proposito potranno essere stipulate convenzioni con enti pubblici e privati a supporto delle attivit\u00e0 proprie onde offrire proficue opportunit\u00e0 e facilitazioni per l&#8217;espletamento dell&#8217;attivit\u00e0 artistica;[\/vc_column_text][\/vc_column][\/vc_row][vc_row content_placement=&#8221;top&#8221;][vc_column][vc_empty_space][\/vc_column][\/vc_row]<\/p>\n<\/div>","protected":false},"excerpt":{"rendered":"<p>[vc_column_text css=&#8221;.vc_custom_1583506373030{margin-bottom: &#8230; <\/p>\n","protected":false},"author":1,"featured_media":0,"parent":0,"menu_order":0,"comment_status":"closed","ping_status":"closed","template":"","meta":{"_acf_changed":false,"footnotes":""},"class_list":["post-43","page","type-page","status-publish","hentry"],"acf":[],"_links":{"self":[{"href":"https:\/\/volontariatomartinafranca.it\/riuniti-per-caso\/wp-json\/wp\/v2\/pages\/43","targetHints":{"allow":["GET"]}}],"collection":[{"href":"https:\/\/volontariatomartinafranca.it\/riuniti-per-caso\/wp-json\/wp\/v2\/pages"}],"about":[{"href":"https:\/\/volontariatomartinafranca.it\/riuniti-per-caso\/wp-json\/wp\/v2\/types\/page"}],"author":[{"embeddable":true,"href":"https:\/\/volontariatomartinafranca.it\/riuniti-per-caso\/wp-json\/wp\/v2\/users\/1"}],"replies":[{"embeddable":true,"href":"https:\/\/volontariatomartinafranca.it\/riuniti-per-caso\/wp-json\/wp\/v2\/comments?post=43"}],"version-history":[{"count":31,"href":"https:\/\/volontariatomartinafranca.it\/riuniti-per-caso\/wp-json\/wp\/v2\/pages\/43\/revisions"}],"predecessor-version":[{"id":452,"href":"https:\/\/volontariatomartinafranca.it\/riuniti-per-caso\/wp-json\/wp\/v2\/pages\/43\/revisions\/452"}],"wp:attachment":[{"href":"https:\/\/volontariatomartinafranca.it\/riuniti-per-caso\/wp-json\/wp\/v2\/media?parent=43"}],"curies":[{"name":"wp","href":"https:\/\/api.w.org\/{rel}","templated":true}]}}