{"id":43,"date":"2019-12-10T13:42:30","date_gmt":"2019-12-10T12:42:30","guid":{"rendered":"https:\/\/volontariatomartinafranca.it\/unicef-martina-franca\/?page_id=43"},"modified":"2020-03-16T17:29:45","modified_gmt":"2020-03-16T16:29:45","slug":"chi-siamo","status":"publish","type":"page","link":"https:\/\/volontariatomartinafranca.it\/unicef-martina-franca\/chi-siamo\/","title":{"rendered":"Chi siamo"},"content":{"rendered":"<div class=\"wpb-content-wrapper\"><p>[vc_row content_placement=&#8221;top&#8221; css=&#8221;.vc_custom_1583350329939{margin-bottom: 0px !important;padding-bottom: 0px !important;}&#8221;][vc_column][vc_custom_heading text=&#8221;UNICEF Martina Franca&#8221; font_container=&#8221;tag:h3|text_align:left&#8221; use_theme_fonts=&#8221;yes&#8221;][\/vc_column][\/vc_row][vc_row content_placement=&#8221;top&#8221;][vc_column width=&#8221;1\/2&#8243; css=&#8221;.vc_custom_1583350447582{margin-bottom: 0px !important;padding-bottom: 0px !important;}&#8221;][vc_column_text css=&#8221;.vc_custom_1584374490606{margin-bottom: 0px !important;}&#8221;]\u201cIl nostro scopo \u00e8 chiaro. La nostra missione \u00e8 possibile. Il punto di arrivo \u00e8 di fronte ai nostri occhi: porre fine alla povert\u00e0 estrema entro il 2030, garantire una vita di pace e dignit\u00e0 per tutti (\u2026.) Quando restiamo uniti, non ci sono limiti a ci\u00f2 che possiamo ottenere\u201d.<\/p>\n<p style=\"text-align: right;\"><em>(Ban Ki-moon, Segretario generale dell\u2019ONU.<br \/>\nDal discorso alla 70\u00b0 Sessione dell\u2019Assemblea Generale dell\u2019ONU, chiamata ad approvare gli obiettivi di Sviluppo Sostenibile 2016-2030)<\/em><\/p>\n<p>[\/vc_column_text][\/vc_column][vc_column width=&#8221;1\/2&#8243;]<div id=\"cz_72523\" data-position=\"top-right\" class=\"cz_72523 cz_image clr cz_image_no_fx center_on_mobile\"><div class=\"\" ><div class=\"cz_image_in\"><div class=\"cz_main_image\"><img loading=\"lazy\" decoding=\"async\" width=\"800\" height=\"546\" src=\"https:\/\/volontariatomartinafranca.it\/unicef-martina-franca\/wp-content\/uploads\/sites\/19\/2020\/03\/bimbo-povero.jpg\" class=\"attachment-full\" alt=\"\" title=\"bimbo-povero\" srcset=\"https:\/\/volontariatomartinafranca.it\/unicef-martina-franca\/wp-content\/uploads\/sites\/19\/2020\/03\/bimbo-povero.jpg 800w, https:\/\/volontariatomartinafranca.it\/unicef-martina-franca\/wp-content\/uploads\/sites\/19\/2020\/03\/bimbo-povero-300x205.jpg 300w, https:\/\/volontariatomartinafranca.it\/unicef-martina-franca\/wp-content\/uploads\/sites\/19\/2020\/03\/bimbo-povero-768x524.jpg 768w, https:\/\/volontariatomartinafranca.it\/unicef-martina-franca\/wp-content\/uploads\/sites\/19\/2020\/03\/bimbo-povero-600x410.jpg 600w\" sizes=\"auto, (max-width: 800px) 100vw, 800px\" \/><\/div><\/div><\/div><\/div>[\/vc_column][\/vc_row][vc_row content_placement=&#8221;top&#8221;][vc_column][vc_empty_space][\/vc_column][\/vc_row][vc_row content_placement=&#8221;top&#8221; css=&#8221;.vc_custom_1583350310546{margin-top: 0px !important;margin-bottom: 0px !important;padding-top: 0px !important;padding-bottom: 0px !important;}&#8221;][vc_column width=&#8221;1\/2&#8243;]<div id=\"cz_101130\" data-position=\"top-right\" class=\"cz_101130 cz_image clr cz_image_no_fx center_on_mobile\"><div class=\"\" ><div class=\"cz_image_in\"><div class=\"cz_main_image\"><img loading=\"lazy\" decoding=\"async\" width=\"800\" height=\"623\" src=\"https:\/\/volontariatomartinafranca.it\/unicef-martina-franca\/wp-content\/uploads\/sites\/19\/2020\/03\/stand.jpg\" class=\"attachment-full\" alt=\"\" title=\"stand\" srcset=\"https:\/\/volontariatomartinafranca.it\/unicef-martina-franca\/wp-content\/uploads\/sites\/19\/2020\/03\/stand.jpg 800w, https:\/\/volontariatomartinafranca.it\/unicef-martina-franca\/wp-content\/uploads\/sites\/19\/2020\/03\/stand-300x234.jpg 300w, https:\/\/volontariatomartinafranca.it\/unicef-martina-franca\/wp-content\/uploads\/sites\/19\/2020\/03\/stand-768x598.jpg 768w, https:\/\/volontariatomartinafranca.it\/unicef-martina-franca\/wp-content\/uploads\/sites\/19\/2020\/03\/stand-600x467.jpg 600w\" sizes=\"auto, (max-width: 800px) 100vw, 800px\" \/><\/div><\/div><\/div><\/div>[\/vc_column][vc_column width=&#8221;1\/2&#8243;][vc_column_text css=&#8221;.vc_custom_1584376153606{margin-bottom: 0px !important;}&#8221;]L\u2019UNICEF promuove il rispetto dei Diritti dell\u2019infanzia e dell\u2019Adolescenza e la raccolta fondi attraverso i Comitati Provinciali.<\/p>\n<p>Il Comitato Provinciale di Taranto con i Gruppi Zonali, tra i quali il nostro di Martina Franca, facente parte delle associazioni del CAV, da sempre si impegna nelle scuole con il progetto SCUOLA AMICA e nel territorio con CITTA\u2019 AMICHE.<\/p>\n<p>Martina Franca, da sempre, ha promosso i valori della CRC costruendo una Comunit\u00e0 Amica dell\u2019Infanzia, ed una rete associativa e umana di grande valore.[\/vc_column_text][\/vc_column][\/vc_row]<\/p>\n<\/div>","protected":false},"excerpt":{"rendered":"<p>[vc_column_text css=&#8221;.vc_custom_1584374490606{margin-bottom: &#8230; <\/p>\n","protected":false},"author":1,"featured_media":0,"parent":0,"menu_order":0,"comment_status":"closed","ping_status":"closed","template":"","meta":{"_acf_changed":false,"footnotes":""},"class_list":["post-43","page","type-page","status-publish","hentry"],"acf":[],"_links":{"self":[{"href":"https:\/\/volontariatomartinafranca.it\/unicef-martina-franca\/wp-json\/wp\/v2\/pages\/43","targetHints":{"allow":["GET"]}}],"collection":[{"href":"https:\/\/volontariatomartinafranca.it\/unicef-martina-franca\/wp-json\/wp\/v2\/pages"}],"about":[{"href":"https:\/\/volontariatomartinafranca.it\/unicef-martina-franca\/wp-json\/wp\/v2\/types\/page"}],"author":[{"embeddable":true,"href":"https:\/\/volontariatomartinafranca.it\/unicef-martina-franca\/wp-json\/wp\/v2\/users\/1"}],"replies":[{"embeddable":true,"href":"https:\/\/volontariatomartinafranca.it\/unicef-martina-franca\/wp-json\/wp\/v2\/comments?post=43"}],"version-history":[{"count":42,"href":"https:\/\/volontariatomartinafranca.it\/unicef-martina-franca\/wp-json\/wp\/v2\/pages\/43\/revisions"}],"predecessor-version":[{"id":501,"href":"https:\/\/volontariatomartinafranca.it\/unicef-martina-franca\/wp-json\/wp\/v2\/pages\/43\/revisions\/501"}],"wp:attachment":[{"href":"https:\/\/volontariatomartinafranca.it\/unicef-martina-franca\/wp-json\/wp\/v2\/media?parent=43"}],"curies":[{"name":"wp","href":"https:\/\/api.w.org\/{rel}","templated":true}]}}